{"id":486,"date":"2017-10-05T09:28:15","date_gmt":"2017-10-05T09:28:15","guid":{"rendered":"https:\/\/concincopanes.com\/signos-comunidades-religiosas\/?post_type=product&#038;p=486"},"modified":"2025-10-14T12:08:06","modified_gmt":"2025-10-14T11:08:06","slug":"salmistas-copia","status":"publish","type":"product","link":"https:\/\/concincopanes.com\/signos-comunidades-religiosas\/producto\/salmistas-copia\/","title":{"rendered":"Vino Eucarist\u00eda"},"content":{"rendered":"<p>El vino eucar\u00edstico es un elemento esencial en la celebraci\u00f3n de la Eucarist\u00eda, simbolizando la sangre de Cristo. Su uso se basa en la \u00daltima Cena, donde Jes\u00fas ofreci\u00f3 vino a sus disc\u00edpulos, estableciendo el sacramento. Este vino debe ser natural, proveniente de la vid, y puede ser rojo o blanco, aunque se prefiere el vino dulce. Durante la misa, se mezcla con agua, simbolizando la uni\u00f3n de la naturaleza divina y humana de Cristo.<\/p>\n<p>El vino no solo representa el sacrificio de Jes\u00fas, sino que tambi\u00e9n refleja la unidad de la comunidad cristiana al compartir el mismo c\u00e1liz. Su manejo es cuidadoso, ya que se considera sagrado; cualquier derrame debe ser tratado con respeto. En conjunto, el vino eucar\u00edstico es un s\u00edmbolo profundo del amor divino y un recordatorio cont\u00ednuo del compromiso de los fieles con su fe.<\/p>\n","protected":false},"excerpt":{"rendered":"<p>Vino de Eucarist\u00eda con <strong>aprobaci\u00f3n eclesi\u00e1stica<\/strong><\/p>\n<p>Nuestro Vino seleccionado, cumple todas las normativas relacionadas y legislaci\u00f3n precedente para Bebidas espirituosas de Vino.<\/p>\n<p>El color conseguido, rojo oscuro, refleja en el signo visible la realidad del Signo invisible.<\/p>\n<p>Se puede distribuir por palets, incluso fuera de la Uni\u00f3n Europea por contar con C\u00f3digo CAE<\/p>\n<menu id=\"fcltHTML5Menu1\" type=\"context\"><\/menu>\n","protected":false},"featured_media":4076,"template":"","meta":{"_et_pb_use_builder":"","_et_pb_old_content":"","_et_gb_content_width":"","_joinchat":[]},"product_brand":[],"product_cat":[185,30,33],"product_tag":[],"class_list":{"0":"post-486","1":"product","2":"type-product","3":"status-publish","4":"has-post-thumbnail","6":"product_cat-consumibles-liturgicos-2","7":"product_cat-ostiarios","8":"product_cat-vino-eucaristia","10":"first","11":"instock","12":"taxable","13":"shipping-taxable","14":"purchasable","15":"product-type-variable"},"_links":{"self":[{"href":"https:\/\/concincopanes.com\/signos-comunidades-religiosas\/wp-json\/wp\/v2\/product\/486","targetHints":{"allow":["GET"]}}],"collection":[{"href":"https:\/\/concincopanes.com\/signos-comunidades-religiosas\/wp-json\/wp\/v2\/product"}],"about":[{"href":"https:\/\/concincopanes.com\/signos-comunidades-religiosas\/wp-json\/wp\/v2\/types\/product"}],"wp:featuredmedia":[{"embeddable":true,"href":"https:\/\/concincopanes.com\/signos-comunidades-religiosas\/wp-json\/wp\/v2\/media\/4076"}],"wp:attachment":[{"href":"https:\/\/concincopanes.com\/signos-comunidades-religiosas\/wp-json\/wp\/v2\/media?parent=486"}],"wp:term":[{"taxonomy":"product_brand","embeddable":true,"href":"https:\/\/concincopanes.com\/signos-comunidades-religiosas\/wp-json\/wp\/v2\/product_brand?post=486"},{"taxonomy":"product_cat","embeddable":true,"href":"https:\/\/concincopanes.com\/signos-comunidades-religiosas\/wp-json\/wp\/v2\/product_cat?post=486"},{"taxonomy":"product_tag","embeddable":true,"href":"https:\/\/concincopanes.com\/signos-comunidades-religiosas\/wp-json\/wp\/v2\/product_tag?post=486"}],"curies":[{"name":"wp","href":"https:\/\/api.w.org\/{rel}","templated":true}]}}